{"id":355,"date":"2020-04-28T15:14:00","date_gmt":"2020-04-28T15:14:00","guid":{"rendered":"https:\/\/bodocv.pwdev.de\/index.php\/works-e\/"},"modified":"2020-12-31T10:28:45","modified_gmt":"2020-12-31T10:28:45","slug":"works-e","status":"publish","type":"page","link":"https:\/\/cv.bodo-antonic.de\/index.php\/works-e\/?lang=de","title":{"rendered":"Education"},"content":{"rendered":"<p><!-- Works --><br \/>\n\t\t\t\t\t\t<!-- title --><br \/>\n\t\t\t\tAusbildung (DE)<br \/>\n\t\t<!-- resume item --><br \/>\n\t\t\t\t\t\t<img src=\"\" alt=\"\" \/><br \/>\n\t\t\t\t\t\t\t10\/1998 \u2013 09\/2001<br \/>\n\t\t\t\t\t\t\tUniversit\u00e4t Hagen<br \/>\n\t\t\t\t\t\t\tBetriebswirtschaftslehre<br \/>\nAbschluss: Bachelor<br \/>\n\t\t\t\t\t\t<img src=\"\" alt=\"\" \/><br \/>\n\t\t\t\t\t\t\t02\/1994 \u2013 03\/1998<br \/>\n\t\t\t\t\t\t\tUniversit\u00e4t Heidelberg; Max-Planck-Inst f\u00fcr Kohlenforschung, M\u00fclheim\/Ruhr<br \/>\n\t\t\t\t\t\t\tDissertation<br \/>\nAbschluss: Promotion<br \/>\n\t\t\t\t\t\t<img src=\"\" alt=\"\" \/><br \/>\n\t\t\t\t\t\t\t10\/1991 \u2013 09\/1994<br \/>\n\t\t\t\t\t\t\tUniversit\u00e4t Heidelberg<br \/>\n\t\t\t\t\t\t\tMedizin<br \/>\nAbschluss: Staatsexamen<br \/>\n\t\t\t\t\t\t<img src=\"\" alt=\"\" \/><br \/>\n\t\t\t\t\t\t\t10\/1988 \u2013 09\/1991<br \/>\n\t\t\t\t\t\t\tUniversit\u00e4t Heidelberg<br \/>\n\t\t\t\t\t\t\tPhysik<br \/>\nAbschluss: Bachelor<br \/>\n\t\t\t\t\t\t<img src=\"\" alt=\"\" \/><br \/>\n\t\t\t\t\t\t\t10\/1988 \u2013 01\/1994<br \/>\n\t\t\t\t\t\t\tUniversit\u00e4t Heidelberg<br \/>\n\t\t\t\t\t\t\tChemie<br \/>\nAbschluss: Bachelor, Master<br \/>\n\t\t<!-- resume item --><br \/>\n\t\t\t\t\tWeiterbildung, akademische Aktivit\u00e4t<br \/>\n\t\t\t\t\t\t<img src=\"\" alt=\"\" \/><br \/>\n\t\t\t\t\t\t\t2003 \u2013 2005<br \/>\n\t\t\t\t\t\t\tZertifzierter Miller Heiman Consultant<br \/>\n\t\t\t\t\t\t<img src=\"\" alt=\"\" \/><br \/>\n\t\t\t\t\t\t\t2003 \u2013 2004<br \/>\n\t\t\t\t\t\t\tZertifizierter Hypnotherapeutischer Coach<br \/>\n\t\t\t\t\t\t<img src=\"\" alt=\"\" \/><br \/>\n\t\t\t\t\t\t\t2002 \u2013 2003<br \/>\n\t\t\t\t\t\t\tZertifizierter Systemischer Coach<br \/>\n\t\t\t\t\t\t<img src=\"\" alt=\"\" \/><br \/>\n\t\t\t\t\t\t\t2006 \u2013 2016<br \/>\n\t\t\t\t\t\t\t Lehrbeauftragter HTW\/HWR Berlin\/Aalen<br \/>\n\t\t\t\t\t\t\tLecture Sales Management, General Management, Product Management, Strategic Management, Business Intelligence<\/p>\n","protected":false},"excerpt":{"rendered":"<p>Ausbildung (DE) 10\/1998 \u2013 09\/2001 Universit\u00e4t Hagen Betriebswirtschaftslehre Abschluss: Bachelor 02\/1994 \u2013 03\/1998 Universit\u00e4t Heidelberg; Max-Planck-Inst f\u00fcr Kohlenforschung, M\u00fclheim\/Ruhr Dissertation&#8230;<\/p>\n","protected":false},"author":1,"featured_media":0,"parent":0,"menu_order":0,"comment_status":"closed","ping_status":"closed","template":"template-elementor-builder.php","meta":[],"_links":{"self":[{"href":"https:\/\/cv.bodo-antonic.de\/index.php\/wp-json\/wp\/v2\/pages\/355"}],"collection":[{"href":"https:\/\/cv.bodo-antonic.de\/index.php\/wp-json\/wp\/v2\/pages"}],"about":[{"href":"https:\/\/cv.bodo-antonic.de\/index.php\/wp-json\/wp\/v2\/types\/page"}],"author":[{"embeddable":true,"href":"https:\/\/cv.bodo-antonic.de\/index.php\/wp-json\/wp\/v2\/users\/1"}],"replies":[{"embeddable":true,"href":"https:\/\/cv.bodo-antonic.de\/index.php\/wp-json\/wp\/v2\/comments?post=355"}],"version-history":[{"count":12,"href":"https:\/\/cv.bodo-antonic.de\/index.php\/wp-json\/wp\/v2\/pages\/355\/revisions"}],"predecessor-version":[{"id":382,"href":"https:\/\/cv.bodo-antonic.de\/index.php\/wp-json\/wp\/v2\/pages\/355\/revisions\/382"}],"wp:attachment":[{"href":"https:\/\/cv.bodo-antonic.de\/index.php\/wp-json\/wp\/v2\/media?parent=355"}],"curies":[{"name":"wp","href":"https:\/\/api.w.org\/{rel}","templated":true}]}}