{"id":316,"date":"2020-04-27T21:28:42","date_gmt":"2020-04-27T21:28:42","guid":{"rendered":"https:\/\/bodocv.pwdev.de\/index.php\/home-e\/"},"modified":"2020-12-31T10:44:36","modified_gmt":"2020-12-31T10:44:36","slug":"home-e","status":"publish","type":"page","link":"https:\/\/cv.bodo-antonic.de\/index.php\/home-e\/?lang=de","title":{"rendered":"Home (Elementor)"},"content":{"rendered":"<p><!-- About --><br \/>\n\t\t\t\t\t\t<!-- title --><br \/>\n\t\t\t\tBiographie  (DE)<br \/>\n\t\t\t<!-- content --><\/p>\n<p><b><i>Management von Unternehmen in turbulentem Umfeld, Top\/Bottom Line Growth, Life Sciences &amp; Services (DE)<\/i><\/b><\/p>\n<p>Fokussiert und geradlinig denkende F\u00fchrungskraft mit internationaler Erfahrung in B2B Operations, Sales &amp; Marketing. Schwerpunkt auf Unternehmen in bewegten Zeiten des Umbruchs, in denen Altbew\u00e4hrtes in Frage gestellt wird und untrainierte Organisation auf Leistung gebracht werden m\u00fcssen. Kernbranchen Pharma, MedTec, Labor.<\/p>\n<p>\u00a0<\/p>\n<p>Resultatorientiert, belastbarer Leistungsnachweis vorhanden. Nachweisbare Erfahrung im Entwickeln von Teams, Restrukturierung der Absatzorganisation und Prozessen der Leistungserstellung. Spezialit\u00e4t: \u201eNeuerfindung\u201c von Unternehmungen durch Ausrichtung auf die Kundenbed\u00fcrfnisse. <\/p>\n<p>\u00a0<\/p>\n<p>Motto: \u201eMake things happen. Fokus auf transparente und schlanke Prozesse, die\u00a0 die Bed\u00fcrfnisse aller Stakeholder befriedigen.\u201d.<\/p>\n<ul>\n<li>\n\t\t\t\t\t\t\t\t<strong><br \/>\n\t\t\t\t\t\t\t\t\t\tGeboren<br \/>\n\t\t\t\t\t\t\t\t<\/strong><br \/>\n\t\t\t\t\t\t\t\t\t30.01.67\n\t\t\t\t\t\t\t<\/li>\n<li>\n\t\t\t\t\t\t\t\t<strong><br \/>\n\t\t\t\t\t\t\t\t\t\tNationalit\u00e4t<br \/>\n\t\t\t\t\t\t\t\t<\/strong><br \/>\n\t\t\t\t\t\t\t\t\tDeutsch\n\t\t\t\t\t\t\t<\/li>\n<li>\n\t\t\t\t\t\t\t\t<strong><br \/>\n\t\t\t\t\t\t\t\t\t\tWohnort<br \/>\n\t\t\t\t\t\t\t\t<\/strong><br \/>\n\t\t\t\t\t\t\t\t\tLuzern, Schweiz\n\t\t\t\t\t\t\t<\/li>\n<\/ul>\n<p>\t\t<!-- skill item --><br \/>\n\t\t\t\t\t\tSprachen<\/p>\n<ul>\n<li>\n\t\t\t\t\t\t\t\tDeutsch\n\t\t\t\t\t<\/li>\n<li>\n\t\t\t\t\t\t\t\tEnglisch\n\t\t\t\t\t<\/li>\n<li>\n\t\t\t\t\t\t\t\tFranz\u00f6sisch\n\t\t\t\t\t<\/li>\n<li>\n\t\t\t\t\t\t\t\tKroatisch\n\t\t\t\t\t<\/li>\n<\/ul>\n<p>\t\t<!-- skill item --><br \/>\n\t\t\t\t\t\tSchl\u00fcsself\u00e4higkeiten<\/p>\n<ul>\n<li>\n\t\t\t\t\t\t\t\tStrategie, Fokusorientierung\n\t\t\t\t\t<\/li>\n<li>\n\t\t\t\t\t\t\t\tRasche Analysen, Schnellentscheider\n\t\t\t\t\t<\/li>\n<li>\n\t\t\t\t\t\t\t\tKrisenmanager\n\t\t\t\t\t<\/li>\n<li>\n\t\t\t\t\t\t\t\t3 D &#8211; Menschen, Produkte, Prozesse\n\t\t\t\t\t<\/li>\n<li>\n\t\t\t\t\t\t\t\tUmsetzer\n\t\t\t\t\t<\/li>\n<li>\n\t\t\t\t\t\t\t\tErfahrung in mittleren und gro\u00dfen Strukturen\n\t\t\t\t\t<\/li>\n<\/ul>\n<p>\t\t<!-- Quote --><br \/>\n\t\t\t\t\t\t<!-- title --><br \/>\n\t\t\t\tWhat my clients say<br \/>\n\t\t\t<!-- content --><br \/>\n\t\t\t\t\t\t\t\tMr. Antonic insists in asking questions and is not afraid of raising even the unpleasant questions. But that\u2019s exactly how he gets to the point very quickly and helps.<br \/>\n\t\t\t\t\t\t\t\t\t\t\t\t\t\t\t\tPfizer<br \/>\n\t\t\t\t\t\t\t\t\t\t\t\t\t\t\t\t\t\t\t\t\t\t\t\tBU Head<br \/>\n\t\t<!-- Services --><br \/>\n\t\t\t\t\t\t<!-- title --><br \/>\n\t\t\t\tLeistungen<br \/>\n\t\t\t\t\t\t<!-- content --><br \/>\n\t\t\t\t\t\t\t\t<!-- service item --><br \/>\n\t\t\t\t\t\t\t\t\tKrise, Turnaround, Restrukturierung\t\t\t\t\t\t\t\t<\/p>\n<p>Interimmanagement braucht Leadership. Krisenmanagement, Turnaround Management, Risk Management, F\u00fchrungskr\u00e4ftecoaching und Prozessoptimierung geh\u00f6ren in den Werkzeugkasten. Komunikationsf\u00e4higkeiten, Entscheidungsst\u00e4rke und \u00dcberzeugungskraft sind ein Muss. Vor allem aber braucht es Wucht und Wirkung, um einen Erfolg zu erzielen.<\/p>\n<p>\t\t\t\t\t\t\t\t<!-- service item --><br \/>\n\t\t\t\t\t\t\t\t\tBusiness Continuity<br \/> Advisory\t\t\t\t\t\t\t\t<\/p>\n<p id=\"tw-target-text\" dir=\"ltr\" data-placeholder=\"\u00dcbersetzung\">Beim Thema Business Continuity Advisory geht es um die dauerhafte \u00dcberlebensf\u00e4higkeit von Unternehmen. Das ist mehr als Krisenmanagement, das beginnt fr\u00fcher als das Turnaround Management. BCA nimmt die Strukturen, Prozesse, die Regeln und Praktiken, vor allem aber die Haltung und Kompetenzen der F\u00fchrungskr\u00e4fte und Mitarbeiter im Unternehmen in den Blick.<\/p>\n<p>\u00a0<br \/>\n\t\t\t\t\t\t\t\t<!-- service item --><br \/>\n\t\t\t\t\t\t\t\t\tVortr\u00e4ge &#8211; Menschen bewegen<\/p>\n<p id=\"tw-target-text\" dir=\"ltr\" data-placeholder=\"\u00dcbersetzung\">Bodo Antonic geht es darum, F\u00fchrungskr\u00e4fte und Mitarbeiter aufzur\u00fctteln. Sie zu sensibilisieren daf\u00fcr, was sich wandelt, was es f\u00fcr den Wandel braucht, wie Change und Leadership zusammenspielen. Oft auch mit Blick auf die erfolgskritischen Praktiken und Prozesse im Vertrieb und der Betreuung von Kunden. Vortr\u00e4ge mit Wucht, Nachhall und Wirkung.<\/p>\n<p>\u00a0<\/p>\n","protected":false},"excerpt":{"rendered":"<p>Biographie (DE) Management von Unternehmen in turbulentem Umfeld, Top\/Bottom Line Growth, Life Sciences &amp; Services (DE) Fokussiert und geradlinig denkende&#8230;<\/p>\n","protected":false},"author":1,"featured_media":0,"parent":0,"menu_order":0,"comment_status":"closed","ping_status":"closed","template":"template-elementor-builder.php","meta":[],"_links":{"self":[{"href":"https:\/\/cv.bodo-antonic.de\/index.php\/wp-json\/wp\/v2\/pages\/316"}],"collection":[{"href":"https:\/\/cv.bodo-antonic.de\/index.php\/wp-json\/wp\/v2\/pages"}],"about":[{"href":"https:\/\/cv.bodo-antonic.de\/index.php\/wp-json\/wp\/v2\/types\/page"}],"author":[{"embeddable":true,"href":"https:\/\/cv.bodo-antonic.de\/index.php\/wp-json\/wp\/v2\/users\/1"}],"replies":[{"embeddable":true,"href":"https:\/\/cv.bodo-antonic.de\/index.php\/wp-json\/wp\/v2\/comments?post=316"}],"version-history":[{"count":21,"href":"https:\/\/cv.bodo-antonic.de\/index.php\/wp-json\/wp\/v2\/pages\/316\/revisions"}],"predecessor-version":[{"id":401,"href":"https:\/\/cv.bodo-antonic.de\/index.php\/wp-json\/wp\/v2\/pages\/316\/revisions\/401"}],"wp:attachment":[{"href":"https:\/\/cv.bodo-antonic.de\/index.php\/wp-json\/wp\/v2\/media?parent=316"}],"curies":[{"name":"wp","href":"https:\/\/api.w.org\/{rel}","templated":true}]}}